{"id":858,"date":"2022-04-28T11:05:38","date_gmt":"2022-04-28T09:05:38","guid":{"rendered":"https:\/\/acodomo.pl\/regulaminkorzystania-z-bezprzewodowej-sieci-wifi-arwis\/"},"modified":"2025-07-21T18:04:06","modified_gmt":"2025-07-21T16:04:06","slug":"terms-and-conditions-of-using-arwis-wireless-wifi-network","status":"publish","type":"page","link":"https:\/\/acodomo.pl\/en\/terms-and-conditions-of-using-arwis-wireless-wifi-network\/","title":{"rendered":"Terms and conditions of using ARWIS wireless Wifi network"},"content":{"rendered":"\t\t<div data-elementor-type=\"wp-page\" data-elementor-id=\"858\" class=\"elementor elementor-858 elementor-242\" data-elementor-post-type=\"page\">\n\t\t\t\t\t\t<section class=\"elementor-section elementor-top-section elementor-element elementor-element-3105b1c3 elementor-section-boxed elementor-section-height-default elementor-section-height-default\" data-id=\"3105b1c3\" data-element_type=\"section\">\n\t\t\t\t\t\t<div class=\"elementor-container elementor-column-gap-default\">\n\t\t\t\t\t<div class=\"elementor-column elementor-col-100 elementor-top-column elementor-element elementor-element-6d852a6d\" data-id=\"6d852a6d\" data-element_type=\"column\">\n\t\t\t<div class=\"elementor-widget-wrap elementor-element-populated\">\n\t\t\t\t\t\t<div class=\"elementor-element elementor-element-7b6bc66a elementor-widget elementor-widget-heading\" data-id=\"7b6bc66a\" data-element_type=\"widget\" data-widget_type=\"heading.default\">\n\t\t\t\t<div class=\"elementor-widget-container\">\n\t\t\t\t\t<h1 class=\"elementor-heading-title elementor-size-default\">REGULAMIN\nkorzystania z bezprzewodowej sieci Wifi ARWIS\n<\/h1>\t\t\t\t<\/div>\n\t\t\t\t<\/div>\n\t\t\t\t<div class=\"elementor-element elementor-element-1fd90256 elementor-widget elementor-widget-text-editor\" data-id=\"1fd90256\" data-element_type=\"widget\" data-widget_type=\"text-editor.default\">\n\t\t\t\t<div class=\"elementor-widget-container\">\n\t\t\t\t\t\t\t\t\t<ul><li><strong>1 Definicje<\/strong><ol><li>Arwis \u2013 \u201cPRZEDSI\u0118BIORSTWO ARWIS&#8221; sp\u00f3\u0142ka z o.o., KRS: 0000139317, NIP: 8280004054, REGON: 73015782500000.<\/li><li>Sie\u0107 Wifi \u2013 sie\u0107 komputerowa Arwis z dost\u0119pem bezprzewodowym i po\u0142\u0105czeniem do Internetu, udost\u0119pniana przez Arwis na terenie obiektu apartament\u00f3w.<\/li><li>U\u017cytkownik \u2013 osoba odwiedzaj\u0105ca Arwis jednocze\u015bnie korzystaj\u0105ca z Sieci Wifi.<\/li><li>Terminal \u2013 urz\u0105dzenie przeno\u015bne U\u017cytkownika, pod\u0142\u0105czane do Sieci Wi-Fi (laptop, telefon kom\u00f3rkowy, tablet, itp.).<\/li><li>Strefa Zasi\u0119gu \u2013 obszar zasi\u0119gu bezprzewodowej sieci Wifi dla odwiedzaj\u0105cych Arwis.<\/li><\/ol><\/li><\/ul><ul><li><strong> 2 Zakres i cel<\/strong><\/li><\/ul><p>Arwis udost\u0119pnia U\u017cytkownikom sie\u0107 Wifi w celu korzystania z Internetu, na poni\u017cszych zasadach:<\/p><ul><li>Us\u0142ugi sieci Wifi s\u0105 \u015bwiadczone niekomercyjnie i nieodp\u0142atnie, wy\u0142\u0105cznie w Strefie Zasi\u0119gu.<\/li><li>Urz\u0105dzenia Hot-Spot posiadaj\u0105 certyfikaty techniczne CE.<\/li><li>Parametry sieci Wifi s\u0105 zgodne ze standardami technicznymi: IEEE 802.11 ax.<\/li><li>Dost\u0119p do sieci Wifi mo\u017cliwy jest wy\u0142\u0105cznie po zalogowaniu. Aby si\u0119 zalogowa\u0107 do okna logowania nale\u017cy wpisa\u0107 login i indywidualny klucz dost\u0119pu przypisany do numeru pokoju wygenerowany przez Arwis.<\/li><li><strong>3 Ograniczenia<\/strong><\/li><\/ul><ol><li>Dost\u0119p do sieci Wifi jest ograniczony w przestrzeni do Strefy Zasi\u0119gu oraz pod wzgl\u0119dem parametr\u00f3w technicznych po\u0142\u0105czenia.<\/li><li>Arwis uprawniony jest do nak\u0142adania ogranicze\u0144 na czas po\u0142\u0105czenia, przepustowo\u015b\u0107, limit przes\u0142anych danych i inne parametry transmisji, ograniczania i blokowania dost\u0119pu do wybranych tre\u015bci i us\u0142ug w Internecie, rejestrowania i nadzorowania informacji lub danych w celu zapewnienia bezpiecze\u0144stwa lub zarz\u0105dzania sieci\u0105 Wifi.<\/li><li>Arwis oraz osoby dzia\u0142aj\u0105ce w jej imieniu i na jej zlecenie, nie s\u0105 odpowiedzialne za:<\/li><\/ol><ul><li>warunki techniczne sieci Wifi oraz op\u00f3\u017anienia w sieci Internet, kt\u00f3re mog\u0105 mie\u0107 wp\u0142yw na rzeczywisty transfer danych,<\/li><li>nieuprawnione u\u017cycie oprogramowania lub innych utwor\u00f3w b\u0119d\u0105cych przedmiotem ochrony w\u0142asno\u015bci intelektualnej tre\u015bci dost\u0119pnych w Internecie,<\/li><li>szkody wyrz\u0105dzone przez oprogramowanie b\u0119d\u0105ce w posiadaniu u\u017cytkownik\u00f3w,<\/li><li>dane gromadzone lub przekazywane przez U\u017cytkownika,<\/li><li>jakiekolwiek szkody jakie mo\u017ce ponie\u015b\u0107 U\u017cytkownik w zwi\u0105zku korzystaniem z sieci Wifi, w szczeg\u00f3lno\u015bci za: uszkodzenia sprz\u0119tu teleinformatycznego, zniszczenie oprogramowania i danych, naruszenie danych osobowych, op\u00f3\u017anienia w otrzymaniu lub przes\u0142aniu danych spowodowane brakiem transmisji, nieprawid\u0142ow\u0105 transmisj\u0105, op\u00f3\u017anieniami lub przerwami w dost\u0119pie do sieci Wifi, wszelkie inne szkody powsta\u0142e w zwi\u0105zku z korzystaniem z sieci Wifi.<\/li><li><strong>4 Arwis nie udziela gwarancji:<\/strong><\/li><li>ci\u0105g\u0142ego pokrycia sygna\u0142em radiowym w Strefach Zasi\u0119gu,<\/li><li>sta\u0142ej przepustowo\u015bci \u0142\u0105cza i innych jego parametr\u00f3w,<\/li><li>nieprzerwanego, poprawnego funkcjonowania sieci Wifi,<\/li><li>dost\u0119pno\u015bci wszystkich us\u0142ug, sieciowych, aplikacyjnych i Internetowych.<\/li><li><strong>5 Odpowiedzialno\u015b\u0107 U\u017cytkownika<\/strong><\/li><\/ul><ol><li>Korzystanie z sieci Wifi odbywa si\u0119 na wy\u0142\u0105czne ryzyko i odpowiedzialno\u015b\u0107 U\u017cytkownika.<\/li><li>U\u017cytkownik korzysta z sieci Wifi pod warunkiem zapoznania si\u0119 i zaakceptowania postanowie\u0144 niniejszego Regulaminu.<\/li><li>Zabrania si\u0119 U\u017cytkownikowi wykorzystywania sieci Wifi do wszelkich dzia\u0142a\u0144 naruszaj\u0105cych obowi\u0105zuj\u0105ce prawo. W szczeg\u00f3lno\u015bci U\u017cytkownik zabrania si\u0119:<ul><li>udost\u0119pnia\u0107 oraz pobiera\u0107 z sieci Internet: materia\u0142y chronione prawami autorskimi (oprogramowanie, filmy, muzyka, itp.), tre\u015bci pornograficzne, rasistowskie, faszystowskie, itp.,<\/li><li>dokonywa\u0107 cyberatak\u00f3w przy u\u017cyciu lokalizacji\/adresu IP Arwis,<\/li><li>przesy\u0142a\u0107 i udost\u0119pnia\u0107 tre\u015bci mog\u0105ce naruszy\u0107 czyjekolwiek dobra osobiste, rozsy\u0142a\u0107 niezam\u00f3wione przez odbiorc\u00f3w tre\u015bci o charakterze reklamowym (spam),<\/li><li>rozpowszechnia\u0107 wirus\u00f3w komputerowych i innych program\u00f3w mog\u0105cych uszkodzi\u0107 oprogramowanie lub dane innych u\u017cytkownik\u00f3w Internetu, uzyskiwa\u0107 nieuprawniony dost\u0119p do zasob\u00f3w system\u00f3w informatycznych b\u0119d\u0105cych w posiadaniu innych u\u017cytkownik\u00f3w Internetu,<\/li><li>narusza\u0107 zabezpiecze\u0144 zastosowanych w sieci Wifi,<\/li><li>uruchamia\u0107 serwery us\u0142ug na Terminalu w celach, kt\u00f3re mog\u0105 zosta\u0107 uznane za niebezpieczne dla funkcjonowania sieci Wifi,<\/li><li>udost\u0119pnia\u0107 po\u0142\u0105czenia do Internetu innym podmiotom poprzez stosowanie urz\u0105dze\u0144 teletechnicznych takich jak Access Point, router, itp.<\/li><\/ul><\/li><\/ol><ol><li>W przypadku nieprzestrzegania przez U\u017cytkownika postanowie\u0144 niniejszego Regulaminu jak i niezgodnego z przeznaczeniem korzystania z sieci Wifi, Arwis uprawniony b\u0119dzie do zablokowania dost\u0119pu Terminala do sieci, co nie wyklucza odpowiedzialno\u015bci odszkodowawczej U\u017cytkownika wobec Arwis, innych U\u017cytkownik\u00f3w oraz podmiot\u00f3w, jak r\u00f3wnie\u017c odpowiedzialno\u015bci karnej takiego U\u017cytkownika.<\/li><li>U\u017cytkownik jest zobowi\u0105zany do do\u0142o\u017cenia nale\u017cytej staranno\u015bci przy ochronie Terminala przed niepowo\u0142anym dost\u0119pem oraz innymi zagro\u017ceniami bezpiecze\u0144stwa teleinformatycznego (np. wirusy, spam, itp.).<\/li><li>U\u017cytkownik ponosi wy\u0142\u0105czn\u0105 odpowiedzialno\u015b\u0107 za spos\u00f3b, w jaki wykorzystuje sie\u0107 Wifi, w tym za tre\u015b\u0107 i zawarto\u015b\u0107 przesy\u0142anych wiadomo\u015bci z uwzgl\u0119dnieniem odpowiedzialno\u015bci karnej za dzia\u0142ania niezgodne z prawem.<\/li><\/ol><ul><li><strong>6 Informacje o U\u017cytkowniku<\/strong><\/li><\/ul><p>Arwis podczas logowania do sieci Wifi pozyskuje informacje o adresie MAC, nazwie oraz producencie Terminala.\u00a0<\/p><ul><li><strong>7 Postanowienia ko\u0144cowe<\/strong><\/li><\/ul><ol><li>W sprawach nieuregulowanych niniejszym Regulaminem zastosowanie maj\u0105 przepisy Kodeksu Cywilnego.<\/li><li>Zmiany parametr\u00f3w technicznych sieci Wifi nie powoduj\u0105 zmiany niniejszego Regulaminu ani nie wymagaj\u0105 og\u0142oszenia.<\/li><li>Z tytu\u0142u zmian Regulaminu U\u017cytkownikowi nie przys\u0142uguj\u0105 \u017cadne roszczenia.<\/li><\/ol><p>Niniejszy Regulamin wchodzi w \u017cycie z dniem 01.05.2022 r.<\/p>\t\t\t\t\t\t\t\t<\/div>\n\t\t\t\t<\/div>\n\t\t\t\t\t<\/div>\n\t\t<\/div>\n\t\t\t\t\t<\/div>\n\t\t<\/section>\n\t\t\t\t<\/div>\n\t\t","protected":false},"excerpt":{"rendered":"<p>REGULAMIN korzystania z bezprzewodowej sieci Wifi ARWIS 1 Definicje Arwis \u2013 \u201cPRZEDSI\u0118BIORSTWO ARWIS&#8221; sp\u00f3\u0142ka z o.o., KRS: 0000139317, NIP: 8280004054, REGON: 73015782500000. Sie\u0107 Wifi \u2013 sie\u0107 komputerowa Arwis z dost\u0119pem bezprzewodowym i po\u0142\u0105czeniem do Internetu, udost\u0119pniana przez Arwis na terenie obiektu apartament\u00f3w. U\u017cytkownik \u2013 osoba odwiedzaj\u0105ca Arwis jednocze\u015bnie korzystaj\u0105ca z Sieci Wifi. Terminal \u2013 urz\u0105dzenie [&hellip;]<\/p>\n","protected":false},"author":4,"featured_media":0,"parent":0,"menu_order":0,"comment_status":"closed","ping_status":"closed","template":"","meta":{"footnotes":""},"class_list":["post-858","page","type-page","status-publish","hentry"],"yoast_head":"<!-- This site is optimized with the Yoast SEO plugin v25.5 - https:\/\/yoast.com\/wordpress\/plugins\/seo\/ -->\n<title>Terms and conditions of using ARWIS wireless Wifi network - Acodomo<\/title>\n<meta name=\"description\" content=\"Here you can find Terms and conditions of using ARWIS wireless Wifi network\" \/>\n<meta name=\"robots\" content=\"index, follow, max-snippet:-1, max-image-preview:large, max-video-preview:-1\" \/>\n<link rel=\"canonical\" href=\"https:\/\/acodomo.pl\/en\/terms-and-conditions-of-using-arwis-wireless-wifi-network\/\" \/>\n<meta property=\"og:locale\" content=\"en_US\" \/>\n<meta property=\"og:type\" content=\"article\" \/>\n<meta property=\"og:title\" content=\"Terms and conditions of using ARWIS wireless Wifi network - Acodomo\" \/>\n<meta property=\"og:description\" content=\"Here you can find Terms and conditions of using ARWIS wireless Wifi network\" \/>\n<meta property=\"og:url\" content=\"https:\/\/acodomo.pl\/en\/terms-and-conditions-of-using-arwis-wireless-wifi-network\/\" \/>\n<meta property=\"og:site_name\" content=\"Acodomo\" \/>\n<meta property=\"article:publisher\" content=\"https:\/\/www.facebook.com\/Acodomo\" \/>\n<meta property=\"article:modified_time\" content=\"2025-07-21T16:04:06+00:00\" \/>\n<meta name=\"twitter:card\" content=\"summary_large_image\" \/>\n<meta name=\"twitter:label1\" content=\"Est. reading time\" \/>\n\t<meta name=\"twitter:data1\" content=\"5 minutes\" \/>\n<script type=\"application\/ld+json\" class=\"yoast-schema-graph\">{\"@context\":\"https:\/\/schema.org\",\"@graph\":[{\"@type\":\"WebPage\",\"@id\":\"https:\/\/acodomo.pl\/en\/terms-and-conditions-of-using-arwis-wireless-wifi-network\/\",\"url\":\"https:\/\/acodomo.pl\/en\/terms-and-conditions-of-using-arwis-wireless-wifi-network\/\",\"name\":\"Terms and conditions of using ARWIS wireless Wifi network - Acodomo\",\"isPartOf\":{\"@id\":\"https:\/\/acodomo.pl\/en\/#website\"},\"datePublished\":\"2022-04-28T09:05:38+00:00\",\"dateModified\":\"2025-07-21T16:04:06+00:00\",\"description\":\"Here you can find Terms and conditions of using ARWIS wireless Wifi network\",\"breadcrumb\":{\"@id\":\"https:\/\/acodomo.pl\/en\/terms-and-conditions-of-using-arwis-wireless-wifi-network\/#breadcrumb\"},\"inLanguage\":\"en-US\",\"potentialAction\":[{\"@type\":\"ReadAction\",\"target\":[\"https:\/\/acodomo.pl\/en\/terms-and-conditions-of-using-arwis-wireless-wifi-network\/\"]}]},{\"@type\":\"BreadcrumbList\",\"@id\":\"https:\/\/acodomo.pl\/en\/terms-and-conditions-of-using-arwis-wireless-wifi-network\/#breadcrumb\",\"itemListElement\":[{\"@type\":\"ListItem\",\"position\":1,\"name\":\"Strona g\u0142\u00f3wna\",\"item\":\"https:\/\/acodomo.pl\/en\/\"},{\"@type\":\"ListItem\",\"position\":2,\"name\":\"Terms and conditions of using ARWIS wireless Wifi network\"}]},{\"@type\":\"WebSite\",\"@id\":\"https:\/\/acodomo.pl\/en\/#website\",\"url\":\"https:\/\/acodomo.pl\/en\/\",\"name\":\"Acodomo\",\"description\":\"Apartamenty Podd\u0119bice\",\"publisher\":{\"@id\":\"https:\/\/acodomo.pl\/en\/#organization\"},\"potentialAction\":[{\"@type\":\"SearchAction\",\"target\":{\"@type\":\"EntryPoint\",\"urlTemplate\":\"https:\/\/acodomo.pl\/en\/?s={search_term_string}\"},\"query-input\":{\"@type\":\"PropertyValueSpecification\",\"valueRequired\":true,\"valueName\":\"search_term_string\"}}],\"inLanguage\":\"en-US\"},{\"@type\":\"Organization\",\"@id\":\"https:\/\/acodomo.pl\/en\/#organization\",\"name\":\"Acodomo\",\"url\":\"https:\/\/acodomo.pl\/en\/\",\"logo\":{\"@type\":\"ImageObject\",\"inLanguage\":\"en-US\",\"@id\":\"https:\/\/acodomo.pl\/en\/#\/schema\/logo\/image\/\",\"url\":\"https:\/\/acodomo.pl\/wp-content\/uploads\/2022\/04\/poziomZasob-1.png\",\"contentUrl\":\"https:\/\/acodomo.pl\/wp-content\/uploads\/2022\/04\/poziomZasob-1.png\",\"width\":316,\"height\":73,\"caption\":\"Acodomo\"},\"image\":{\"@id\":\"https:\/\/acodomo.pl\/en\/#\/schema\/logo\/image\/\"},\"sameAs\":[\"https:\/\/www.facebook.com\/Acodomo\",\"https:\/\/www.instagram.com\/acodomoapartamenty\/\"]}]}<\/script>\n<!-- \/ Yoast SEO plugin. -->","yoast_head_json":{"title":"Terms and conditions of using ARWIS wireless Wifi network - Acodomo","description":"Here you can find Terms and conditions of using ARWIS wireless Wifi network","robots":{"index":"index","follow":"follow","max-snippet":"max-snippet:-1","max-image-preview":"max-image-preview:large","max-video-preview":"max-video-preview:-1"},"canonical":"https:\/\/acodomo.pl\/en\/terms-and-conditions-of-using-arwis-wireless-wifi-network\/","og_locale":"en_US","og_type":"article","og_title":"Terms and conditions of using ARWIS wireless Wifi network - Acodomo","og_description":"Here you can find Terms and conditions of using ARWIS wireless Wifi network","og_url":"https:\/\/acodomo.pl\/en\/terms-and-conditions-of-using-arwis-wireless-wifi-network\/","og_site_name":"Acodomo","article_publisher":"https:\/\/www.facebook.com\/Acodomo","article_modified_time":"2025-07-21T16:04:06+00:00","twitter_card":"summary_large_image","twitter_misc":{"Est. reading time":"5 minutes"},"schema":{"@context":"https:\/\/schema.org","@graph":[{"@type":"WebPage","@id":"https:\/\/acodomo.pl\/en\/terms-and-conditions-of-using-arwis-wireless-wifi-network\/","url":"https:\/\/acodomo.pl\/en\/terms-and-conditions-of-using-arwis-wireless-wifi-network\/","name":"Terms and conditions of using ARWIS wireless Wifi network - Acodomo","isPartOf":{"@id":"https:\/\/acodomo.pl\/en\/#website"},"datePublished":"2022-04-28T09:05:38+00:00","dateModified":"2025-07-21T16:04:06+00:00","description":"Here you can find Terms and conditions of using ARWIS wireless Wifi network","breadcrumb":{"@id":"https:\/\/acodomo.pl\/en\/terms-and-conditions-of-using-arwis-wireless-wifi-network\/#breadcrumb"},"inLanguage":"en-US","potentialAction":[{"@type":"ReadAction","target":["https:\/\/acodomo.pl\/en\/terms-and-conditions-of-using-arwis-wireless-wifi-network\/"]}]},{"@type":"BreadcrumbList","@id":"https:\/\/acodomo.pl\/en\/terms-and-conditions-of-using-arwis-wireless-wifi-network\/#breadcrumb","itemListElement":[{"@type":"ListItem","position":1,"name":"Strona g\u0142\u00f3wna","item":"https:\/\/acodomo.pl\/en\/"},{"@type":"ListItem","position":2,"name":"Terms and conditions of using ARWIS wireless Wifi network"}]},{"@type":"WebSite","@id":"https:\/\/acodomo.pl\/en\/#website","url":"https:\/\/acodomo.pl\/en\/","name":"Acodomo","description":"Apartamenty Podd\u0119bice","publisher":{"@id":"https:\/\/acodomo.pl\/en\/#organization"},"potentialAction":[{"@type":"SearchAction","target":{"@type":"EntryPoint","urlTemplate":"https:\/\/acodomo.pl\/en\/?s={search_term_string}"},"query-input":{"@type":"PropertyValueSpecification","valueRequired":true,"valueName":"search_term_string"}}],"inLanguage":"en-US"},{"@type":"Organization","@id":"https:\/\/acodomo.pl\/en\/#organization","name":"Acodomo","url":"https:\/\/acodomo.pl\/en\/","logo":{"@type":"ImageObject","inLanguage":"en-US","@id":"https:\/\/acodomo.pl\/en\/#\/schema\/logo\/image\/","url":"https:\/\/acodomo.pl\/wp-content\/uploads\/2022\/04\/poziomZasob-1.png","contentUrl":"https:\/\/acodomo.pl\/wp-content\/uploads\/2022\/04\/poziomZasob-1.png","width":316,"height":73,"caption":"Acodomo"},"image":{"@id":"https:\/\/acodomo.pl\/en\/#\/schema\/logo\/image\/"},"sameAs":["https:\/\/www.facebook.com\/Acodomo","https:\/\/www.instagram.com\/acodomoapartamenty\/"]}]}},"_links":{"self":[{"href":"https:\/\/acodomo.pl\/en\/wp-json\/wp\/v2\/pages\/858","targetHints":{"allow":["GET"]}}],"collection":[{"href":"https:\/\/acodomo.pl\/en\/wp-json\/wp\/v2\/pages"}],"about":[{"href":"https:\/\/acodomo.pl\/en\/wp-json\/wp\/v2\/types\/page"}],"author":[{"embeddable":true,"href":"https:\/\/acodomo.pl\/en\/wp-json\/wp\/v2\/users\/4"}],"replies":[{"embeddable":true,"href":"https:\/\/acodomo.pl\/en\/wp-json\/wp\/v2\/comments?post=858"}],"version-history":[{"count":4,"href":"https:\/\/acodomo.pl\/en\/wp-json\/wp\/v2\/pages\/858\/revisions"}],"predecessor-version":[{"id":1766,"href":"https:\/\/acodomo.pl\/en\/wp-json\/wp\/v2\/pages\/858\/revisions\/1766"}],"wp:attachment":[{"href":"https:\/\/acodomo.pl\/en\/wp-json\/wp\/v2\/media?parent=858"}],"curies":[{"name":"wp","href":"https:\/\/api.w.org\/{rel}","templated":true}]}}